{"id":192,"date":"2018-10-15T22:45:18","date_gmt":"2018-10-15T20:45:18","guid":{"rendered":"http:\/\/www.lacle-services.fr\/?page_id=192"},"modified":"2022-03-15T22:21:32","modified_gmt":"2022-03-15T21:21:32","slug":"qui-sommes-nous","status":"publish","type":"page","link":"https:\/\/www.lacle-services.fr\/?page_id=192","title":{"rendered":"Qui sommes nous"},"content":{"rendered":"<h3>L.A. CLE Services situ\u00e9 \u00e0 Craponne, est un service d\u2019aide \u00e0 domicile. M\u00e9nage, entretien du domicile, courses de proximit\u00e9, jardinage et entretien de jardin, bricolage, garde d\u2019enfants de plus de trois ans&#8230; Accompagnement sur mesure et personnalis\u00e9<\/h3>\n<h5><strong><span style=\"color: #ff6600;\">Nous sommes une Entreprise Familiale sp\u00e9cialis\u00e9e dans L&rsquo;AiDE A Domicile.<\/span><\/strong><\/h5>\n<h3>Fort de nos exp\u00e9riences pass\u00e9es,\u00a0 nous ma\u00eetrisons bien les m\u00e9tiers du service \u00e0 la personne, de l&rsquo;entretien du domicile, ainsi que dans le jardinage, le bricolage, et tout ce qui concerne la r\u00e9novation et l&rsquo;entretien du b\u00e2timent &#8230; Autant de formations effectu\u00e9es pour mener \u00e0 bien nos missions demand\u00e9es<\/h3>\n<h3>Avec nos diff\u00e9rents services propos\u00e9s , nous restons \u00e0 l&rsquo;\u00e9coute de\u00a0 vos besoins et de vos attentes<\/h3>\n<p>&nbsp;<\/p>\n<p><em>POUR TOUTES\u00a0 INFORMATIONS CONCERNANT UNE PRESTATION :\u00a0 CONTACTEZ-NOUS<\/em><\/p>\n<h3><span style=\"color: #ff6600;\"><strong>06\u00a0 62\u00a0 24\u00a0 43\u00a0 53\u00a0 \u00a0 ou\u00a0 \u00a0 \u00a0 contact@lacle-services.fr<\/strong><\/span><\/h3>\n<p>&nbsp;<\/p>\n","protected":false},"excerpt":{"rendered":"<p>L.A. CLE Services situ\u00e9 \u00e0 Craponne, est un service d\u2019aide \u00e0 domicile. M\u00e9nage, entretien du domicile, courses de proximit\u00e9, jardinage et entretien de jardin, bricolage, garde d\u2019enfants de plus de trois ans&#8230; Accompagnement sur mesure et personnalis\u00e9 Nous sommes une Entreprise Familiale sp\u00e9cialis\u00e9e dans L&rsquo;AiDE A Domicile. Fort de nos exp\u00e9riences pass\u00e9es,\u00a0 nous ma\u00eetrisons bien &hellip; <\/p>\n<p class=\"link-more\"><a href=\"https:\/\/www.lacle-services.fr\/?page_id=192\" class=\"more-link\">Continuer la lecture<span class=\"screen-reader-text\"> de &laquo;&nbsp;Qui sommes nous&nbsp;&raquo;<\/span><\/a><\/p>\n","protected":false},"author":1,"featured_media":0,"parent":0,"menu_order":0,"comment_status":"closed","ping_status":"closed","template":"","meta":[],"_links":{"self":[{"href":"https:\/\/www.lacle-services.fr\/index.php?rest_route=\/wp\/v2\/pages\/192"}],"collection":[{"href":"https:\/\/www.lacle-services.fr\/index.php?rest_route=\/wp\/v2\/pages"}],"about":[{"href":"https:\/\/www.lacle-services.fr\/index.php?rest_route=\/wp\/v2\/types\/page"}],"author":[{"embeddable":true,"href":"https:\/\/www.lacle-services.fr\/index.php?rest_route=\/wp\/v2\/users\/1"}],"replies":[{"embeddable":true,"href":"https:\/\/www.lacle-services.fr\/index.php?rest_route=%2Fwp%2Fv2%2Fcomments&post=192"}],"version-history":[{"count":18,"href":"https:\/\/www.lacle-services.fr\/index.php?rest_route=\/wp\/v2\/pages\/192\/revisions"}],"predecessor-version":[{"id":397,"href":"https:\/\/www.lacle-services.fr\/index.php?rest_route=\/wp\/v2\/pages\/192\/revisions\/397"}],"wp:attachment":[{"href":"https:\/\/www.lacle-services.fr\/index.php?rest_route=%2Fwp%2Fv2%2Fmedia&parent=192"}],"curies":[{"name":"wp","href":"https:\/\/api.w.org\/{rel}","templated":true}]}}