{"id":2,"date":"2018-10-12T09:11:25","date_gmt":"2018-10-12T07:11:25","guid":{"rendered":"http:\/\/www.lacle-services.fr\/?page_id=2"},"modified":"2022-03-15T22:42:09","modified_gmt":"2022-03-15T21:42:09","slug":"page-d-exemple","status":"publish","type":"page","link":"https:\/\/www.lacle-services.fr\/?page_id=2","title":{"rendered":"Mentions l\u00e9gales"},"content":{"rendered":"<p>Nom Commercial : L.A. CLE Services<\/p>\n<p>Adresse : 111 Avenue Pierre Dumond 69290 CRAPONNE<\/p>\n<p>T\u00e9l\u00e9phone : 07 69 74 87 59<\/p>\n<p>E-mail: contact@lacle-services.fr<\/p>\n<p>N\u00b0 Registre : 842904153<\/p>\n<p>L&rsquo;h\u00e9bergement est assur\u00e9 par OVH situ\u00e9 au 2 Rue Kellermann 59100 Roubaix<\/p>\n<p>SAS au capital de 10 069 020 \u20ac<\/p>\n<p>Num\u00e9ro de TVA: FR 22 424 761 419 RCS Lille 424 761 419 00045<\/p>\n<p>Num\u00e9ro Siret : 42476141900045 APE : 2620Z<\/p>\n<p>Num\u00e9ro de t\u00e9l\u00e9phone : 1007 (appel unique gratuit)<\/p>\n<p>Confidentialit\u00e9<\/p>\n<p>L.A. CLE Services n&rsquo;enregistre pas d&rsquo;informations personnelles permettant l&rsquo;identification \u00e0 l&rsquo;exception des formulaires que l&rsquo;utilisateur est libre de remplir. Ces informations ne seront pas utilis\u00e9es sans votre accord, nous les utiliseront seulement pour adresser des courriers, devis, documents, factures ou pour vous contacter.<\/p>\n<p>Les informations recueillies sur les sites b\u00e9n\u00e9ficient de la protection de la loi \u00ab\u00a0Informatique et Libert\u00e9s\u00a0\u00bb n\u00b0 78-17 du 06 janvier 1978.<\/p>\n<p>Utilisation des cookies:<\/p>\n<p>Lorsque vous acc\u00e9dez \u00e0 notre site, un ou plusieurs cookies de soci\u00e9t\u00e9s partenaires sont susceptible d&rsquo;\u00eatre plac\u00e9s dans votre terminal.<\/p>\n<p>Ces cookies ne peuvent pas, techniquement, \u00eatre d\u00e9sactiv\u00e9s depuis notre site. Nous veillons \u00e0 ce que les les soci\u00e9t\u00e9s partenaires traitent les informations collect\u00e9es sur notre site en respectant la loi \u00ab\u00a0informatique et Libert\u00e9s\u00a0\u00bbdu 06 janvier 1978. Vous pouvez n\u00e9anmoins vous opposer \u00e0 l&rsquo;utilisation de ces cookies, exclusivement en param\u00e9trant votre navigateur. Vous pouvez soit activer une fonction de navigation priv\u00e9e soit uniquement interdire ou restreindre les cookies.<\/p>\n","protected":false},"excerpt":{"rendered":"<p>Nom Commercial : L.A. CLE Services Adresse : 111 Avenue Pierre Dumond 69290 CRAPONNE T\u00e9l\u00e9phone : 07 69 74 87 59 E-mail: contact@lacle-services.fr N\u00b0 Registre : 842904153 L&rsquo;h\u00e9bergement est assur\u00e9 par OVH situ\u00e9 au 2 Rue Kellermann 59100 Roubaix SAS au capital de 10 069 020 \u20ac Num\u00e9ro de TVA: FR 22 424 761 419 &hellip; <\/p>\n<p class=\"link-more\"><a href=\"https:\/\/www.lacle-services.fr\/?page_id=2\" class=\"more-link\">Continuer la lecture<span class=\"screen-reader-text\"> de &laquo;&nbsp;Mentions l\u00e9gales&nbsp;&raquo;<\/span><\/a><\/p>\n","protected":false},"author":1,"featured_media":0,"parent":0,"menu_order":0,"comment_status":"closed","ping_status":"open","template":"","meta":[],"_links":{"self":[{"href":"https:\/\/www.lacle-services.fr\/index.php?rest_route=\/wp\/v2\/pages\/2"}],"collection":[{"href":"https:\/\/www.lacle-services.fr\/index.php?rest_route=\/wp\/v2\/pages"}],"about":[{"href":"https:\/\/www.lacle-services.fr\/index.php?rest_route=\/wp\/v2\/types\/page"}],"author":[{"embeddable":true,"href":"https:\/\/www.lacle-services.fr\/index.php?rest_route=\/wp\/v2\/users\/1"}],"replies":[{"embeddable":true,"href":"https:\/\/www.lacle-services.fr\/index.php?rest_route=%2Fwp%2Fv2%2Fcomments&post=2"}],"version-history":[{"count":5,"href":"https:\/\/www.lacle-services.fr\/index.php?rest_route=\/wp\/v2\/pages\/2\/revisions"}],"predecessor-version":[{"id":402,"href":"https:\/\/www.lacle-services.fr\/index.php?rest_route=\/wp\/v2\/pages\/2\/revisions\/402"}],"wp:attachment":[{"href":"https:\/\/www.lacle-services.fr\/index.php?rest_route=%2Fwp%2Fv2%2Fmedia&parent=2"}],"curies":[{"name":"wp","href":"https:\/\/api.w.org\/{rel}","templated":true}]}}