{"id":8,"date":"2018-10-12T09:28:58","date_gmt":"2018-10-12T07:28:58","guid":{"rendered":"http:\/\/www.lacle-services.fr\/?page_id=8"},"modified":"2022-03-15T22:31:13","modified_gmt":"2022-03-15T21:31:13","slug":"a-propos-de","status":"publish","type":"page","link":"https:\/\/www.lacle-services.fr\/?page_id=8","title":{"rendered":"Nos Prestations"},"content":{"rendered":"<p>&nbsp;<\/p>\n<ul>\n<li>\n<h2><span style=\"color: #008080;\"><strong><span style=\"color: #008080;\"><span style=\"color: #339966;\">L&rsquo;entretien<\/span> <span style=\"color: #339966;\">du Domicile\u00a0<\/span><\/span><span style=\"color: #339966;\">:<\/span><\/strong><\/span> M\u00e9nage, vitres , entretien apr\u00e8s travaux ou d\u00e9m\u00e9nagement..<\/h2>\n<\/li>\n<li>\n<h2><strong><span style=\"color: #339966;\">Accompagnement des personnes en invalidit\u00e9 temporaire :<\/span> <\/strong>Accompagnement dans les transports, l\u2019aide \u00e0 la mobilit\u00e9 et dans le cadre des actes de la vie courante et quotidienne ( m\u00e9nage, repas&#8230;)<\/h2>\n<\/li>\n<li>\n<h2><span style=\"color: #339966;\"><strong>Courses de proximit\u00e9<\/strong> <\/span>: Accompagnement ou Livraison<\/h2>\n<\/li>\n<li>\n<h2><span style=\"color: #339966;\"><strong>Garde d\u2019enfants<\/strong><\/span> de plus de trois ans \u00e0 votre domicile<\/h2>\n<\/li>\n<li>\n<h2><strong><span style=\"color: #339966;\">Entretien du jardin<\/span>\u00a0<\/strong>\u00a0: Tonte des pelouses,\u00a0 taille des haies et des arbustes, d\u00e9sherbage, d\u00e9broussaillage, ramassage de feuilles mortes &#8230;<\/h2>\n<\/li>\n<li>\n<h2><span style=\"color: #339966;\"><strong>Entretien du potager :\u00a0<\/strong><\/span>B\u00eachage, binage, plantation, arrosage&#8230;<\/h2>\n<\/li>\n<li>\n<h2><span style=\"color: #339966;\"><strong>Travaux de \u00a0petits bricolage <\/strong>: <span style=\"color: #000000;\">Tous<\/span>\u00a0<\/span>travaux de bricolage, poser un lustre, fixer une \u00e9tag\u00e8re, enduire et peindre un mur, remplacer une ampoule, une prise, un interrupteur, une chasse d\u2019eau&#8230;<\/h2>\n<\/li>\n<li><span style=\"color: #333333; font-size: 1.25rem;\">\u00a0<strong style=\"color: #666666; font-size: 1.25rem;\"><span style=\"color: #339966;\"><span style=\"font-size: 1.25rem;\">Soins et promenades <\/span>des animaux de compagnie\u00a0<span style=\"color: #000000; font-size: 1.25rem; font-weight: 300;\">pour les<\/span><\/span><\/strong><\/span><span style=\"color: #666666; font-size: 1.25rem;\">\u00a0personnes d\u00e9pendantes : \u00a0Nourriture, liti\u00e8re, &#8230;<\/span><\/li>\n<\/ul>\n<p><!--more--><\/p>\n<p>&nbsp;<\/p>\n<h3><\/h3>\n","protected":false},"excerpt":{"rendered":"<p>&nbsp; L&rsquo;entretien du Domicile\u00a0: M\u00e9nage, vitres , entretien apr\u00e8s travaux ou d\u00e9m\u00e9nagement.. Accompagnement des personnes en invalidit\u00e9 temporaire : Accompagnement dans les transports, l\u2019aide \u00e0 la mobilit\u00e9 et dans le cadre des actes de la vie courante et quotidienne ( m\u00e9nage, repas&#8230;) Courses de proximit\u00e9 : Accompagnement ou Livraison Garde d\u2019enfants de plus de trois &hellip; <\/p>\n<p class=\"link-more\"><a href=\"https:\/\/www.lacle-services.fr\/?page_id=8\" class=\"more-link\">Continuer la lecture<span class=\"screen-reader-text\"> de &laquo;&nbsp;Nos Prestations&nbsp;&raquo;<\/span><\/a><\/p>\n","protected":false},"author":1,"featured_media":118,"parent":0,"menu_order":0,"comment_status":"closed","ping_status":"closed","template":"","meta":[],"_links":{"self":[{"href":"https:\/\/www.lacle-services.fr\/index.php?rest_route=\/wp\/v2\/pages\/8"}],"collection":[{"href":"https:\/\/www.lacle-services.fr\/index.php?rest_route=\/wp\/v2\/pages"}],"about":[{"href":"https:\/\/www.lacle-services.fr\/index.php?rest_route=\/wp\/v2\/types\/page"}],"author":[{"embeddable":true,"href":"https:\/\/www.lacle-services.fr\/index.php?rest_route=\/wp\/v2\/users\/1"}],"replies":[{"embeddable":true,"href":"https:\/\/www.lacle-services.fr\/index.php?rest_route=%2Fwp%2Fv2%2Fcomments&post=8"}],"version-history":[{"count":115,"href":"https:\/\/www.lacle-services.fr\/index.php?rest_route=\/wp\/v2\/pages\/8\/revisions"}],"predecessor-version":[{"id":417,"href":"https:\/\/www.lacle-services.fr\/index.php?rest_route=\/wp\/v2\/pages\/8\/revisions\/417"}],"wp:featuredmedia":[{"embeddable":true,"href":"https:\/\/www.lacle-services.fr\/index.php?rest_route=\/wp\/v2\/media\/118"}],"wp:attachment":[{"href":"https:\/\/www.lacle-services.fr\/index.php?rest_route=%2Fwp%2Fv2%2Fmedia&parent=8"}],"curies":[{"name":"wp","href":"https:\/\/api.w.org\/{rel}","templated":true}]}}