{"id":86,"date":"2018-10-13T22:36:12","date_gmt":"2018-10-13T20:36:12","guid":{"rendered":"http:\/\/www.lacle-services.fr\/?page_id=86"},"modified":"2022-03-15T22:53:07","modified_gmt":"2022-03-15T21:53:07","slug":"devis","status":"publish","type":"page","link":"https:\/\/www.lacle-services.fr\/?page_id=86","title":{"rendered":"Demande de devis"},"content":{"rendered":"<p>Selon vos prestations nous vous proposons un devis gratuit et personnalis\u00e9.<\/p>\n<p>Pour toutes informations sur notre tarification et sur le cr\u00e9dit d\u2019imp\u00f4t<\/p>\n<p>Contactez-nous, nous vous r\u00e9pondrons dans les meilleurs d\u00e9lais.<\/p>\n<p>T\u00e9l\u00e9phone : <span style=\"color: #ff0000;\">06 62 24 43 53<\/span><\/p>\n<p>Mail : <span style=\"color: #ff0000;\">contact@lacle-services.fr<\/span><\/p>\n<p>Nous sommes \u00e0 votre \u00e9coute de 8h30 \u00e0 18h00 du lundi au vendredi<\/p>\n<p>et de 9 h \u00e0 13 h le samedi<\/p>\n<p>&nbsp;<\/p>\n<p><strong>MODE DE R\u00c8GLEMENT :<\/strong><\/p>\n<p>Le r\u00e8glement peut se faire par ch\u00e8que ordinaire ou par ch\u00e8que CESU pr\u00e9financ\u00e9<\/p>\n<h2><\/h2>\n","protected":false},"excerpt":{"rendered":"<p>Selon vos prestations nous vous proposons un devis gratuit et personnalis\u00e9. Pour toutes informations sur notre tarification et sur le cr\u00e9dit d\u2019imp\u00f4t Contactez-nous, nous vous r\u00e9pondrons dans les meilleurs d\u00e9lais. T\u00e9l\u00e9phone : 06 62 24 43 53 Mail : contact@lacle-services.fr Nous sommes \u00e0 votre \u00e9coute de 8h30 \u00e0 18h00 du lundi au vendredi et de &hellip; <\/p>\n<p class=\"link-more\"><a href=\"https:\/\/www.lacle-services.fr\/?page_id=86\" class=\"more-link\">Continuer la lecture<span class=\"screen-reader-text\"> de &laquo;&nbsp;Demande de devis&nbsp;&raquo;<\/span><\/a><\/p>\n","protected":false},"author":1,"featured_media":0,"parent":0,"menu_order":0,"comment_status":"closed","ping_status":"closed","template":"","meta":[],"_links":{"self":[{"href":"https:\/\/www.lacle-services.fr\/index.php?rest_route=\/wp\/v2\/pages\/86"}],"collection":[{"href":"https:\/\/www.lacle-services.fr\/index.php?rest_route=\/wp\/v2\/pages"}],"about":[{"href":"https:\/\/www.lacle-services.fr\/index.php?rest_route=\/wp\/v2\/types\/page"}],"author":[{"embeddable":true,"href":"https:\/\/www.lacle-services.fr\/index.php?rest_route=\/wp\/v2\/users\/1"}],"replies":[{"embeddable":true,"href":"https:\/\/www.lacle-services.fr\/index.php?rest_route=%2Fwp%2Fv2%2Fcomments&post=86"}],"version-history":[{"count":37,"href":"https:\/\/www.lacle-services.fr\/index.php?rest_route=\/wp\/v2\/pages\/86\/revisions"}],"predecessor-version":[{"id":403,"href":"https:\/\/www.lacle-services.fr\/index.php?rest_route=\/wp\/v2\/pages\/86\/revisions\/403"}],"wp:attachment":[{"href":"https:\/\/www.lacle-services.fr\/index.php?rest_route=%2Fwp%2Fv2%2Fmedia&parent=86"}],"curies":[{"name":"wp","href":"https:\/\/api.w.org\/{rel}","templated":true}]}}